{"id":252,"date":"2022-08-26T01:35:40","date_gmt":"2022-08-26T01:35:40","guid":{"rendered":"https:\/\/oncohem.com.ec\/?page_id=252"},"modified":"2022-08-26T01:38:16","modified_gmt":"2022-08-26T01:38:16","slug":"dra-alexandra-loor","status":"publish","type":"page","link":"https:\/\/oncohem.com.ec\/index.php\/dra-alexandra-loor\/","title":{"rendered":"Dra. Alexandra Loor"},"content":{"rendered":"\t\t<div data-elementor-type=\"wp-page\" data-elementor-id=\"252\" class=\"elementor elementor-252\">\n\t\t\t\t\t\t\t\t\t<section class=\"elementor-section elementor-top-section elementor-element elementor-element-4622964 elementor-section-boxed elementor-section-height-default elementor-section-height-default\" data-id=\"4622964\" data-element_type=\"section\">\n\t\t\t\t\t\t<div class=\"elementor-container elementor-column-gap-default\">\n\t\t\t\t\t<div class=\"elementor-column elementor-col-50 elementor-top-column elementor-element elementor-element-5e0cecf\" data-id=\"5e0cecf\" data-element_type=\"column\">\n\t\t\t<div class=\"elementor-widget-wrap elementor-element-populated\">\n\t\t\t\t\t\t\t\t<div class=\"elementor-element elementor-element-8116f2a elementor-widget elementor-widget-image\" data-id=\"8116f2a\" data-element_type=\"widget\" data-widget_type=\"image.default\">\n\t\t\t\t<div class=\"elementor-widget-container\">\n\t\t\t<style>\/*! elementor - v3.7.2 - 21-08-2022 *\/\n.elementor-widget-image{text-align:center}.elementor-widget-image a{display:inline-block}.elementor-widget-image a img[src$=\".svg\"]{width:48px}.elementor-widget-image img{vertical-align:middle;display:inline-block}<\/style>\t\t\t\t\t\t\t\t\t\t\t\t<img loading=\"lazy\" decoding=\"async\" width=\"225\" height=\"300\" src=\"https:\/\/oncohem.com.ec\/wp-content\/uploads\/2022\/08\/Alexandra-Loor--225x300.jpg\" class=\"attachment-medium size-medium\" alt=\"\" srcset=\"https:\/\/oncohem.com.ec\/wp-content\/uploads\/2022\/08\/Alexandra-Loor--225x300.jpg 225w, https:\/\/oncohem.com.ec\/wp-content\/uploads\/2022\/08\/Alexandra-Loor-.jpg 768w\" sizes=\"auto, (max-width: 225px) 100vw, 225px\" \/>\t\t\t\t\t\t\t\t\t\t\t\t\t\t\t<\/div>\n\t\t\t\t<\/div>\n\t\t\t\t\t<\/div>\n\t\t<\/div>\n\t\t\t\t<div class=\"elementor-column elementor-col-50 elementor-top-column elementor-element elementor-element-27d95f2\" data-id=\"27d95f2\" data-element_type=\"column\">\n\t\t\t<div class=\"elementor-widget-wrap elementor-element-populated\">\n\t\t\t\t\t\t\t\t<div class=\"elementor-element elementor-element-4b40d50 elementor-widget elementor-widget-heading\" data-id=\"4b40d50\" data-element_type=\"widget\" data-widget_type=\"heading.default\">\n\t\t\t\t<div class=\"elementor-widget-container\">\n\t\t\t<style>\/*! elementor - v3.7.2 - 21-08-2022 *\/\n.elementor-heading-title{padding:0;margin:0;line-height:1}.elementor-widget-heading .elementor-heading-title[class*=elementor-size-]>a{color:inherit;font-size:inherit;line-height:inherit}.elementor-widget-heading .elementor-heading-title.elementor-size-small{font-size:15px}.elementor-widget-heading .elementor-heading-title.elementor-size-medium{font-size:19px}.elementor-widget-heading .elementor-heading-title.elementor-size-large{font-size:29px}.elementor-widget-heading .elementor-heading-title.elementor-size-xl{font-size:39px}.elementor-widget-heading .elementor-heading-title.elementor-size-xxl{font-size:59px}<\/style><h2 class=\"elementor-heading-title elementor-size-default\">Dra. Alexandra Loor Galarza<\/h2>\t\t<\/div>\n\t\t\t\t<\/div>\n\t\t\t\t<div class=\"elementor-element elementor-element-943a344 elementor-widget elementor-widget-text-editor\" data-id=\"943a344\" data-element_type=\"widget\" data-widget_type=\"text-editor.default\">\n\t\t\t\t<div class=\"elementor-widget-container\">\n\t\t\t<style>\/*! elementor - v3.7.2 - 21-08-2022 *\/\n.elementor-widget-text-editor.elementor-drop-cap-view-stacked .elementor-drop-cap{background-color:#818a91;color:#fff}.elementor-widget-text-editor.elementor-drop-cap-view-framed .elementor-drop-cap{color:#818a91;border:3px solid;background-color:transparent}.elementor-widget-text-editor:not(.elementor-drop-cap-view-default) .elementor-drop-cap{margin-top:8px}.elementor-widget-text-editor:not(.elementor-drop-cap-view-default) .elementor-drop-cap-letter{width:1em;height:1em}.elementor-widget-text-editor .elementor-drop-cap{float:left;text-align:center;line-height:1;font-size:50px}.elementor-widget-text-editor .elementor-drop-cap-letter{display:inline-block}<\/style>\t\t\t\t<ul><li><span style=\"font-family: Arial, sans-serif; font-size: 12pt; font-weight: var( --e-global-typography-text-font-weight );\">Doctora en Medicina y Cirug\u00eda Titulo obtenido por la Universidad de Guayaquil A\u00f1o 1998.<\/span><\/li><li><span lang=\"ES-EC\" style=\"font-size: 12.0pt; font-family: 'Arial',sans-serif;\">Especialista En Medicina Interna Titulo obtenido por la Universidad de Guayaquil A\u00f1o 2005<\/span><\/li><li style=\"text-align: justify; line-height: normal;\"><span lang=\"ES-EC\" style=\"font-size: 12.0pt; font-family: 'Arial',sans-serif;\">Especialista en Onco-Hematologia Titulo obtenido por la Universidad de Guayaquil A\u00f1o 2008<\/span><\/li><li style=\"text-align: justify; line-height: normal;\"><span lang=\"ES-EC\" style=\"font-size: 12.0pt; font-family: 'Arial',sans-serif;\">Magister en Gerencia en Servicios de la Salud T\u00edtulo obtenido por la Universidad Cat\u00f3lica de Guayaquil. A\u00f1o 2015<\/span><\/li><li style=\"text-align: justify; line-height: normal;\"><span lang=\"ES-EC\" style=\"font-size: 12.0pt; font-family: 'Arial',sans-serif;\">M\u00e9dico Tratante Hospital Teodoro Maldonado Carbo desde 2012 Oncolog\u00eda Cl\u00ednica.<\/span><\/li><li style=\"text-align: justify; line-height: normal;\"><span lang=\"ES-EC\" style=\"font-size: 12.0pt; font-family: 'Arial',sans-serif;\">Docente de Post grado Universidad de Guayaquil en la carrera de Onco \u2013 hematolog\u00eda cl\u00ednica.\u00a0<\/span><\/li><\/ul>\t\t\t\t\t\t<\/div>\n\t\t\t\t<\/div>\n\t\t\t\t\t<\/div>\n\t\t<\/div>\n\t\t\t\t\t\t\t<\/div>\n\t\t<\/section>\n\t\t\t\t\t\t\t<\/div>\n\t\t","protected":false},"excerpt":{"rendered":"<p>Dra. Alexandra Loor Galarza Doctora en Medicina y Cirug\u00eda Titulo obtenido por la Universidad de Guayaquil A\u00f1o 1998. Especialista En [&hellip;]<\/p>\n","protected":false},"author":1,"featured_media":0,"parent":0,"menu_order":0,"comment_status":"closed","ping_status":"closed","template":"elementor_header_footer","meta":{"footnotes":""},"class_list":["post-252","page","type-page","status-publish","hentry"],"_links":{"self":[{"href":"https:\/\/oncohem.com.ec\/index.php\/wp-json\/wp\/v2\/pages\/252","targetHints":{"allow":["GET"]}}],"collection":[{"href":"https:\/\/oncohem.com.ec\/index.php\/wp-json\/wp\/v2\/pages"}],"about":[{"href":"https:\/\/oncohem.com.ec\/index.php\/wp-json\/wp\/v2\/types\/page"}],"author":[{"embeddable":true,"href":"https:\/\/oncohem.com.ec\/index.php\/wp-json\/wp\/v2\/users\/1"}],"replies":[{"embeddable":true,"href":"https:\/\/oncohem.com.ec\/index.php\/wp-json\/wp\/v2\/comments?post=252"}],"version-history":[{"count":5,"href":"https:\/\/oncohem.com.ec\/index.php\/wp-json\/wp\/v2\/pages\/252\/revisions"}],"predecessor-version":[{"id":257,"href":"https:\/\/oncohem.com.ec\/index.php\/wp-json\/wp\/v2\/pages\/252\/revisions\/257"}],"wp:attachment":[{"href":"https:\/\/oncohem.com.ec\/index.php\/wp-json\/wp\/v2\/media?parent=252"}],"curies":[{"name":"wp","href":"https:\/\/api.w.org\/{rel}","templated":true}]}}