{"id":412,"date":"2022-08-26T04:35:34","date_gmt":"2022-08-26T04:35:34","guid":{"rendered":"https:\/\/oncohem.com.ec\/?page_id=412"},"modified":"2022-08-26T04:38:07","modified_gmt":"2022-08-26T04:38:07","slug":"dra-lorena-estrada","status":"publish","type":"page","link":"https:\/\/oncohem.com.ec\/index.php\/dra-lorena-estrada\/","title":{"rendered":"Dra. Lorena Estrada"},"content":{"rendered":"\t\t<div data-elementor-type=\"wp-page\" data-elementor-id=\"412\" class=\"elementor elementor-412\">\n\t\t\t\t\t\t\t\t\t<section class=\"elementor-section elementor-top-section elementor-element elementor-element-68827b3 elementor-section-boxed elementor-section-height-default elementor-section-height-default\" data-id=\"68827b3\" data-element_type=\"section\">\n\t\t\t\t\t\t<div class=\"elementor-container elementor-column-gap-default\">\n\t\t\t\t\t<div class=\"elementor-column elementor-col-50 elementor-top-column elementor-element elementor-element-82d3957\" data-id=\"82d3957\" data-element_type=\"column\">\n\t\t\t<div class=\"elementor-widget-wrap elementor-element-populated\">\n\t\t\t\t\t\t\t\t<div class=\"elementor-element elementor-element-70532e3 elementor-widget elementor-widget-image\" data-id=\"70532e3\" data-element_type=\"widget\" data-widget_type=\"image.default\">\n\t\t\t\t<div class=\"elementor-widget-container\">\n\t\t\t<style>\/*! elementor - v3.7.2 - 21-08-2022 *\/\n.elementor-widget-image{text-align:center}.elementor-widget-image a{display:inline-block}.elementor-widget-image a img[src$=\".svg\"]{width:48px}.elementor-widget-image img{vertical-align:middle;display:inline-block}<\/style>\t\t\t\t\t\t\t\t\t\t\t\t<img loading=\"lazy\" decoding=\"async\" width=\"198\" height=\"300\" src=\"https:\/\/oncohem.com.ec\/wp-content\/uploads\/2022\/08\/Lorena-Estrada-198x300.jpg\" class=\"attachment-medium size-medium\" alt=\"\" srcset=\"https:\/\/oncohem.com.ec\/wp-content\/uploads\/2022\/08\/Lorena-Estrada-198x300.jpg 198w, https:\/\/oncohem.com.ec\/wp-content\/uploads\/2022\/08\/Lorena-Estrada-674x1024.jpg 674w, https:\/\/oncohem.com.ec\/wp-content\/uploads\/2022\/08\/Lorena-Estrada-768x1166.jpg 768w, https:\/\/oncohem.com.ec\/wp-content\/uploads\/2022\/08\/Lorena-Estrada-1011x1536.jpg 1011w, https:\/\/oncohem.com.ec\/wp-content\/uploads\/2022\/08\/Lorena-Estrada-1349x2048.jpg 1349w, https:\/\/oncohem.com.ec\/wp-content\/uploads\/2022\/08\/Lorena-Estrada-scaled.jpg 1686w\" sizes=\"auto, (max-width: 198px) 100vw, 198px\" \/>\t\t\t\t\t\t\t\t\t\t\t\t\t\t\t<\/div>\n\t\t\t\t<\/div>\n\t\t\t\t\t<\/div>\n\t\t<\/div>\n\t\t\t\t<div class=\"elementor-column elementor-col-50 elementor-top-column elementor-element elementor-element-b980ec3\" data-id=\"b980ec3\" data-element_type=\"column\">\n\t\t\t<div class=\"elementor-widget-wrap elementor-element-populated\">\n\t\t\t\t\t\t\t\t<div class=\"elementor-element elementor-element-721019c elementor-widget elementor-widget-heading\" data-id=\"721019c\" data-element_type=\"widget\" data-widget_type=\"heading.default\">\n\t\t\t\t<div class=\"elementor-widget-container\">\n\t\t\t<style>\/*! elementor - v3.7.2 - 21-08-2022 *\/\n.elementor-heading-title{padding:0;margin:0;line-height:1}.elementor-widget-heading .elementor-heading-title[class*=elementor-size-]>a{color:inherit;font-size:inherit;line-height:inherit}.elementor-widget-heading .elementor-heading-title.elementor-size-small{font-size:15px}.elementor-widget-heading .elementor-heading-title.elementor-size-medium{font-size:19px}.elementor-widget-heading .elementor-heading-title.elementor-size-large{font-size:29px}.elementor-widget-heading .elementor-heading-title.elementor-size-xl{font-size:39px}.elementor-widget-heading .elementor-heading-title.elementor-size-xxl{font-size:59px}<\/style><h2 class=\"elementor-heading-title elementor-size-default\">Dra. Lorena Paola Estrada Guevara<\/h2>\t\t<\/div>\n\t\t\t\t<\/div>\n\t\t\t\t<div class=\"elementor-element elementor-element-45898ce elementor-widget elementor-widget-text-editor\" data-id=\"45898ce\" data-element_type=\"widget\" data-widget_type=\"text-editor.default\">\n\t\t\t\t<div class=\"elementor-widget-container\">\n\t\t\t<style>\/*! elementor - v3.7.2 - 21-08-2022 *\/\n.elementor-widget-text-editor.elementor-drop-cap-view-stacked .elementor-drop-cap{background-color:#818a91;color:#fff}.elementor-widget-text-editor.elementor-drop-cap-view-framed .elementor-drop-cap{color:#818a91;border:3px solid;background-color:transparent}.elementor-widget-text-editor:not(.elementor-drop-cap-view-default) .elementor-drop-cap{margin-top:8px}.elementor-widget-text-editor:not(.elementor-drop-cap-view-default) .elementor-drop-cap-letter{width:1em;height:1em}.elementor-widget-text-editor .elementor-drop-cap{float:left;text-align:center;line-height:1;font-size:50px}.elementor-widget-text-editor .elementor-drop-cap-letter{display:inline-block}<\/style>\t\t\t\t<ul><li><strong>MEDICO <\/strong>graduada en la Universidad Cat\u00f3lica Santiago de Guayaquil (2011)<\/li><li><strong>ONCOHEMATOLOGA <\/strong>graduada en la Universidad de Guayaquil (2018)<\/li><li>M\u00e9dico Tratante del servicio de Oncolog\u00eda en el Hospital Teodoro Maldonado Carbo desde marzo 2019 a la actualidad.<\/li><li>Miembro de la Sociedad Ecuatoriana de Oncolog\u00eda<\/li><\/ul>\t\t\t\t\t\t<\/div>\n\t\t\t\t<\/div>\n\t\t\t\t\t<\/div>\n\t\t<\/div>\n\t\t\t\t\t\t\t<\/div>\n\t\t<\/section>\n\t\t\t\t<section class=\"elementor-section elementor-top-section elementor-element elementor-element-35023bb elementor-section-boxed elementor-section-height-default elementor-section-height-default\" data-id=\"35023bb\" data-element_type=\"section\">\n\t\t\t\t\t\t<div class=\"elementor-container elementor-column-gap-default\">\n\t\t\t\t\t<div class=\"elementor-column elementor-col-100 elementor-top-column elementor-element elementor-element-4a22aa7\" data-id=\"4a22aa7\" data-element_type=\"column\">\n\t\t\t<div class=\"elementor-widget-wrap elementor-element-populated\">\n\t\t\t\t\t\t\t\t<div class=\"elementor-element elementor-element-8f1fe14 elementor-widget elementor-widget-heading\" data-id=\"8f1fe14\" data-element_type=\"widget\" data-widget_type=\"heading.default\">\n\t\t\t\t<div class=\"elementor-widget-container\">\n\t\t\t<h3 class=\"elementor-heading-title elementor-size-default\">Cursos recientes de actualizaci\u00f3n<\/h3>\t\t<\/div>\n\t\t\t\t<\/div>\n\t\t\t\t<div class=\"elementor-element elementor-element-82942d2 elementor-widget elementor-widget-text-editor\" data-id=\"82942d2\" data-element_type=\"widget\" data-widget_type=\"text-editor.default\">\n\t\t\t\t<div class=\"elementor-widget-container\">\n\t\t\t\t\t\t\t<ul><li>BEST OF ASCO 2021. SOCIEDAD ECUATORIANA DE ONCOLOGIA. MODALIDAD VIRTUAL.10 DE JULIO 2021.<\/li><li>XXXVII Congreso Nacional de Urolog\u00eda 2021. SOCIEDAD ECUATORIANA DE UROLOGIA. MODALIDAD VIRTUAL. 30 DE NOVIEMBRE AL 02 DE DICIEMBRE 2021.<\/li><li>SAN ANTONIO BREAST CANCER SYMPOSIUM. MODALIDAD PRESENCIAL. 7 AL 10 DEDICIEMBRE 2021<\/li><li>ASCO 2022. CHICAGO. MODALIDAD PRESENCIAL. 3 AL 7 DE JUNIO 2022<\/li><\/ul>\t\t\t\t\t\t<\/div>\n\t\t\t\t<\/div>\n\t\t\t\t\t<\/div>\n\t\t<\/div>\n\t\t\t\t\t\t\t<\/div>\n\t\t<\/section>\n\t\t\t\t<section class=\"elementor-section elementor-top-section elementor-element elementor-element-1ff76f8 elementor-section-boxed elementor-section-height-default elementor-section-height-default\" data-id=\"1ff76f8\" data-element_type=\"section\">\n\t\t\t\t\t\t<div class=\"elementor-container elementor-column-gap-default\">\n\t\t\t\t\t<div class=\"elementor-column elementor-col-100 elementor-top-column elementor-element elementor-element-a6e23c7\" data-id=\"a6e23c7\" data-element_type=\"column\">\n\t\t\t<div class=\"elementor-widget-wrap elementor-element-populated\">\n\t\t\t\t\t\t\t\t<div class=\"elementor-element elementor-element-27d0cf4 elementor-widget elementor-widget-heading\" data-id=\"27d0cf4\" data-element_type=\"widget\" data-widget_type=\"heading.default\">\n\t\t\t\t<div class=\"elementor-widget-container\">\n\t\t\t<h3 class=\"elementor-heading-title elementor-size-default\">Publicaciones y participaci\u00f3n en posters:<\/h3>\t\t<\/div>\n\t\t\t\t<\/div>\n\t\t\t\t<div class=\"elementor-element elementor-element-9d3c61d elementor-widget elementor-widget-text-editor\" data-id=\"9d3c61d\" data-element_type=\"widget\" data-widget_type=\"text-editor.default\">\n\t\t\t\t<div class=\"elementor-widget-container\">\n\t\t\t\t\t\t\t<ul><li>REVISTA MEDICINA DE HOY VOLUMEN 33 NUMERO 1. ENERO-JUNIO 2017. ISSN 1390275 x. \u201cEPIXTASIS, TELANGIECTASIAS, MELENAS. SINDROME DE OSLER WEBER RENDU\u201d<\/li><li>31 OCTUBRE AL 03 DE NOVIEMBRE 2017. PRESENTACI\u00d3N DE E-POSTER EN XXIII CONGRESO ARGENTINO E INTERNACIONAL DE ONCOLOG\u00cdA CL\u00cdNICA. BUENOS AIRES, ARGENTINA<ul><li>\u201cDoes oncoespecific treatment (ot) starting delay impact negatively in advanced stage lung adenocarcinoma (la) overall survival? The ecuadorian experience<\/li><li>\u201cFactores sociodemogr\u00e1ficos y clinicopatol\u00f3gicos asociados a c\u00e1ncer de mama de estadio tard\u00edo al momento de su diagn\u00f3stico\u201d<\/li><li>\u201cInduction chemotheraphy (ic) for locoregionally advanced head and neck cancer (LA-HNC): experience at Instituto oncol\u00f3gico nacional solca guayaquil<\/li><li>\u201cEficacia y seguridad de endopr\u00f3tesis met\u00e1lica autoexpandible en el tratamiento paliativo del c\u00e1ncer de es\u00f3fago\u201d<\/li><\/ul><\/li><\/ul>\t\t\t\t\t\t<\/div>\n\t\t\t\t<\/div>\n\t\t\t\t\t<\/div>\n\t\t<\/div>\n\t\t\t\t\t\t\t<\/div>\n\t\t<\/section>\n\t\t\t\t<section class=\"elementor-section elementor-top-section elementor-element elementor-element-95bcfef elementor-section-boxed elementor-section-height-default elementor-section-height-default\" data-id=\"95bcfef\" data-element_type=\"section\">\n\t\t\t\t\t\t<div class=\"elementor-container elementor-column-gap-default\">\n\t\t\t\t\t<div class=\"elementor-column elementor-col-100 elementor-top-column elementor-element elementor-element-1031843\" data-id=\"1031843\" data-element_type=\"column\">\n\t\t\t<div class=\"elementor-widget-wrap elementor-element-populated\">\n\t\t\t\t\t\t\t\t<div class=\"elementor-element elementor-element-f3c0909 elementor-widget elementor-widget-heading\" data-id=\"f3c0909\" data-element_type=\"widget\" data-widget_type=\"heading.default\">\n\t\t\t\t<div class=\"elementor-widget-container\">\n\t\t\t<h2 class=\"elementor-heading-title elementor-size-default\">Conferencias y Ponencias<\/h2>\t\t<\/div>\n\t\t\t\t<\/div>\n\t\t\t\t<div class=\"elementor-element elementor-element-54ea9ea elementor-widget elementor-widget-text-editor\" data-id=\"54ea9ea\" data-element_type=\"widget\" data-widget_type=\"text-editor.default\">\n\t\t\t\t<div class=\"elementor-widget-container\">\n\t\t\t\t\t\t\t<ul><li>Agosto 2018. Simposium neoplasias malignas del tubo digestivo. Sociedad ecuatoriana de oncolog\u00eda. Tema: \u201cEpidemiolog\u00eda y factores de riesgo del c\u00e1ncer es\u00f3fago-g\u00e1strico\u201d.<\/li><li>Agosto 2018. Congreso de hematolog\u00eda, oncolog\u00eda cl\u00ednica y terapia del dolor. Aval acad\u00e9mico: universidad de san francisco de quito. Temas: \u201cDiagn\u00f3stico, extensi\u00f3n, clasificaci\u00f3n del c\u00e1ncer de pr\u00f3stata\u201d. \u201cEpidemiolog\u00eda y factores de riesgo del c\u00e1ncer de c\u00e9rvix\u201d. \u201cEstadios avanzados y metast\u00e1sicos de c\u00e1ncer de mama: quimioterapia\u201d.<\/li><li>Octubre 2018. VI simposio especialidades m\u00e9dicas y ciencias de salud. Tema: \u201cFactores cl\u00ednicopatol\u00f3gicos y supervivencia en pacientes con adenocarcinoma g\u00e1strico.<\/li><li>15 de marzo 2019. Simposio de la sociedad ecuatoriana de Oncolog\u00eda. Tema: diagnostico, procedimientos de extensi\u00f3n, clasificaci\u00f3n del c\u00e1ncer cervicouterino.<\/li><li>Staff de oncolog\u00eda HTMC. 16 abril 2021. Tema: \u201cEliminando barreras. Perfil de seguridad de ribociclib\u201d<\/li><li>Reuni\u00f3n cient\u00edfica anual Best of ASCO ecuador. Tema: \u201cThe future of tele-oncology: trends and disparities in telehealth and secure message utilization in the covid-19 era\u201d. Quito. 10 de julio 2021.<\/li><\/ul>\t\t\t\t\t\t<\/div>\n\t\t\t\t<\/div>\n\t\t\t\t\t<\/div>\n\t\t<\/div>\n\t\t\t\t\t\t\t<\/div>\n\t\t<\/section>\n\t\t\t\t\t\t\t<\/div>\n\t\t","protected":false},"excerpt":{"rendered":"<p>Dra. Lorena Paola Estrada Guevara MEDICO graduada en la Universidad Cat\u00f3lica Santiago de Guayaquil (2011) ONCOHEMATOLOGA graduada en la Universidad [&hellip;]<\/p>\n","protected":false},"author":1,"featured_media":0,"parent":0,"menu_order":0,"comment_status":"closed","ping_status":"closed","template":"elementor_header_footer","meta":{"footnotes":""},"class_list":["post-412","page","type-page","status-publish","hentry"],"_links":{"self":[{"href":"https:\/\/oncohem.com.ec\/index.php\/wp-json\/wp\/v2\/pages\/412","targetHints":{"allow":["GET"]}}],"collection":[{"href":"https:\/\/oncohem.com.ec\/index.php\/wp-json\/wp\/v2\/pages"}],"about":[{"href":"https:\/\/oncohem.com.ec\/index.php\/wp-json\/wp\/v2\/types\/page"}],"author":[{"embeddable":true,"href":"https:\/\/oncohem.com.ec\/index.php\/wp-json\/wp\/v2\/users\/1"}],"replies":[{"embeddable":true,"href":"https:\/\/oncohem.com.ec\/index.php\/wp-json\/wp\/v2\/comments?post=412"}],"version-history":[{"count":5,"href":"https:\/\/oncohem.com.ec\/index.php\/wp-json\/wp\/v2\/pages\/412\/revisions"}],"predecessor-version":[{"id":421,"href":"https:\/\/oncohem.com.ec\/index.php\/wp-json\/wp\/v2\/pages\/412\/revisions\/421"}],"wp:attachment":[{"href":"https:\/\/oncohem.com.ec\/index.php\/wp-json\/wp\/v2\/media?parent=412"}],"curies":[{"name":"wp","href":"https:\/\/api.w.org\/{rel}","templated":true}]}}