{"id":480,"date":"2022-08-26T05:05:51","date_gmt":"2022-08-26T05:05:51","guid":{"rendered":"https:\/\/oncohem.com.ec\/?page_id=480"},"modified":"2022-08-26T05:09:17","modified_gmt":"2022-08-26T05:09:17","slug":"psic-jose-cevallos","status":"publish","type":"page","link":"https:\/\/oncohem.com.ec\/index.php\/psic-jose-cevallos\/","title":{"rendered":"Psic. Jose Cevallos"},"content":{"rendered":"\t\t<div data-elementor-type=\"wp-page\" data-elementor-id=\"480\" class=\"elementor elementor-480\">\n\t\t\t\t\t\t\t\t\t<section class=\"elementor-section elementor-top-section elementor-element elementor-element-caf0880 elementor-section-boxed elementor-section-height-default elementor-section-height-default\" data-id=\"caf0880\" data-element_type=\"section\">\n\t\t\t\t\t\t<div class=\"elementor-container elementor-column-gap-default\">\n\t\t\t\t\t<div class=\"elementor-column elementor-col-50 elementor-top-column elementor-element elementor-element-069914f\" data-id=\"069914f\" data-element_type=\"column\">\n\t\t\t<div class=\"elementor-widget-wrap elementor-element-populated\">\n\t\t\t\t\t\t\t\t<div class=\"elementor-element elementor-element-59df444 elementor-widget elementor-widget-image\" data-id=\"59df444\" data-element_type=\"widget\" data-widget_type=\"image.default\">\n\t\t\t\t<div class=\"elementor-widget-container\">\n\t\t\t<style>\/*! elementor - v3.7.2 - 21-08-2022 *\/\n.elementor-widget-image{text-align:center}.elementor-widget-image a{display:inline-block}.elementor-widget-image a img[src$=\".svg\"]{width:48px}.elementor-widget-image img{vertical-align:middle;display:inline-block}<\/style>\t\t\t\t\t\t\t\t\t\t\t\t<img loading=\"lazy\" decoding=\"async\" width=\"200\" height=\"300\" src=\"https:\/\/oncohem.com.ec\/wp-content\/uploads\/2022\/08\/Psic.-Jose-Cevallos-200x300.jpg\" class=\"attachment-medium size-medium\" alt=\"\" srcset=\"https:\/\/oncohem.com.ec\/wp-content\/uploads\/2022\/08\/Psic.-Jose-Cevallos-200x300.jpg 200w, https:\/\/oncohem.com.ec\/wp-content\/uploads\/2022\/08\/Psic.-Jose-Cevallos-684x1024.jpg 684w, https:\/\/oncohem.com.ec\/wp-content\/uploads\/2022\/08\/Psic.-Jose-Cevallos-768x1150.jpg 768w, https:\/\/oncohem.com.ec\/wp-content\/uploads\/2022\/08\/Psic.-Jose-Cevallos-1025x1536.jpg 1025w, https:\/\/oncohem.com.ec\/wp-content\/uploads\/2022\/08\/Psic.-Jose-Cevallos-1367x2048.jpg 1367w, https:\/\/oncohem.com.ec\/wp-content\/uploads\/2022\/08\/Psic.-Jose-Cevallos-scaled.jpg 1709w\" sizes=\"auto, (max-width: 200px) 100vw, 200px\" \/>\t\t\t\t\t\t\t\t\t\t\t\t\t\t\t<\/div>\n\t\t\t\t<\/div>\n\t\t\t\t\t<\/div>\n\t\t<\/div>\n\t\t\t\t<div class=\"elementor-column elementor-col-50 elementor-top-column elementor-element elementor-element-ee48d33\" data-id=\"ee48d33\" data-element_type=\"column\">\n\t\t\t<div class=\"elementor-widget-wrap elementor-element-populated\">\n\t\t\t\t\t\t\t\t<div class=\"elementor-element elementor-element-5ccabdd elementor-widget elementor-widget-heading\" data-id=\"5ccabdd\" data-element_type=\"widget\" data-widget_type=\"heading.default\">\n\t\t\t\t<div class=\"elementor-widget-container\">\n\t\t\t<style>\/*! elementor - v3.7.2 - 21-08-2022 *\/\n.elementor-heading-title{padding:0;margin:0;line-height:1}.elementor-widget-heading .elementor-heading-title[class*=elementor-size-]>a{color:inherit;font-size:inherit;line-height:inherit}.elementor-widget-heading .elementor-heading-title.elementor-size-small{font-size:15px}.elementor-widget-heading .elementor-heading-title.elementor-size-medium{font-size:19px}.elementor-widget-heading .elementor-heading-title.elementor-size-large{font-size:29px}.elementor-widget-heading .elementor-heading-title.elementor-size-xl{font-size:39px}.elementor-widget-heading .elementor-heading-title.elementor-size-xxl{font-size:59px}<\/style><h2 class=\"elementor-heading-title elementor-size-default\">Psic. Jos\u00e9 Cevallos<\/h2>\t\t<\/div>\n\t\t\t\t<\/div>\n\t\t\t\t<div class=\"elementor-element elementor-element-abda1fa elementor-widget elementor-widget-text-editor\" data-id=\"abda1fa\" data-element_type=\"widget\" data-widget_type=\"text-editor.default\">\n\t\t\t\t<div class=\"elementor-widget-container\">\n\t\t\t<style>\/*! elementor - v3.7.2 - 21-08-2022 *\/\n.elementor-widget-text-editor.elementor-drop-cap-view-stacked .elementor-drop-cap{background-color:#818a91;color:#fff}.elementor-widget-text-editor.elementor-drop-cap-view-framed .elementor-drop-cap{color:#818a91;border:3px solid;background-color:transparent}.elementor-widget-text-editor:not(.elementor-drop-cap-view-default) .elementor-drop-cap{margin-top:8px}.elementor-widget-text-editor:not(.elementor-drop-cap-view-default) .elementor-drop-cap-letter{width:1em;height:1em}.elementor-widget-text-editor .elementor-drop-cap{float:left;text-align:center;line-height:1;font-size:50px}.elementor-widget-text-editor .elementor-drop-cap-letter{display:inline-block}<\/style>\t\t\t\t<ul><li><strong>Tel\u00e9fonos:<\/strong>6038468 \u2013 0987140344 \u2013 0984537305 \u2013 0984556196<\/li><li><strong>Correo:<\/strong>Joselcevallos1812@Gmail.com<\/li><\/ul>\t\t\t\t\t\t<\/div>\n\t\t\t\t<\/div>\n\t\t\t\t\t<\/div>\n\t\t<\/div>\n\t\t\t\t\t\t\t<\/div>\n\t\t<\/section>\n\t\t\t\t<section class=\"elementor-section elementor-top-section elementor-element elementor-element-518b38a elementor-section-boxed elementor-section-height-default elementor-section-height-default\" data-id=\"518b38a\" data-element_type=\"section\">\n\t\t\t\t\t\t<div class=\"elementor-container elementor-column-gap-default\">\n\t\t\t\t\t<div class=\"elementor-column elementor-col-100 elementor-top-column elementor-element elementor-element-23a1f3b\" data-id=\"23a1f3b\" data-element_type=\"column\">\n\t\t\t<div class=\"elementor-widget-wrap elementor-element-populated\">\n\t\t\t\t\t\t\t\t<div class=\"elementor-element elementor-element-ae0fac5 elementor-widget elementor-widget-heading\" data-id=\"ae0fac5\" data-element_type=\"widget\" data-widget_type=\"heading.default\">\n\t\t\t\t<div class=\"elementor-widget-container\">\n\t\t\t<h3 class=\"elementor-heading-title elementor-size-default\">Experiencia Laboral<\/h3>\t\t<\/div>\n\t\t\t\t<\/div>\n\t\t\t\t<div class=\"elementor-element elementor-element-7aa130a elementor-widget elementor-widget-text-editor\" data-id=\"7aa130a\" data-element_type=\"widget\" data-widget_type=\"text-editor.default\">\n\t\t\t\t<div class=\"elementor-widget-container\">\n\t\t\t\t\t\t\t<ul><li>Enero 2020 \u2013 Marzo 2020 \u2013 Tomas More<br \/>Selecci\u00f3n personal<br \/>Entrevista personalizada con los aspirantes para el \u00e1rea de docencia<br \/>Aplicaci\u00f3n de test Psicom\u00e9tricos<br \/>Informe de los aspirantes al comit\u00e9 de recursos humanos<br \/>Grupo DOBE<br \/>Aplicaci\u00f3n de test Psicom\u00e9tricos a todo el alumnado.<br \/>Informe de los alumnos.<br \/>Entrevista personalizada a los padres de familia.<\/li><li>Marzo 2020 \u2013 septiembre 2020 \u2013 L\u00ednea de atenci\u00f3n psicol\u00f3gica (ZULU)<br \/>Funciones desempe\u00f1adas<br \/>Terapias de contenci\u00f3n de emergencia.<br \/>Seguimiento de los pacientes.<br \/>Informe peri\u00f3dico a los jefes de la organizaci\u00f3n ZULU.<\/li><li>Enero 2021 \u2013 abril 2022 (actualidad) \u2013 Psic\u00f3logo Onc\u00f3logo OncoHem Funci\u00f3n Desempe\u00f1ada<\/li><li>Terapias de contenci\u00f3n de emergencia.<br \/>Acompa\u00f1amiento psicol\u00f3gico.<br \/>Psicoterapia oncol\u00f3gica.<br \/>Aplicaci\u00f3n de Pruebas Psicom\u00e9tricas.<\/li><\/ul>\t\t\t\t\t\t<\/div>\n\t\t\t\t<\/div>\n\t\t\t\t\t<\/div>\n\t\t<\/div>\n\t\t\t\t\t\t\t<\/div>\n\t\t<\/section>\n\t\t\t\t<section class=\"elementor-section elementor-top-section elementor-element elementor-element-34c3df9 elementor-section-boxed elementor-section-height-default elementor-section-height-default\" data-id=\"34c3df9\" data-element_type=\"section\">\n\t\t\t\t\t\t<div class=\"elementor-container elementor-column-gap-default\">\n\t\t\t\t\t<div class=\"elementor-column elementor-col-100 elementor-top-column elementor-element elementor-element-5b39a82\" data-id=\"5b39a82\" data-element_type=\"column\">\n\t\t\t<div class=\"elementor-widget-wrap elementor-element-populated\">\n\t\t\t\t\t\t\t\t<div class=\"elementor-element elementor-element-dc04aeb elementor-widget elementor-widget-heading\" data-id=\"dc04aeb\" data-element_type=\"widget\" data-widget_type=\"heading.default\">\n\t\t\t\t<div class=\"elementor-widget-container\">\n\t\t\t<h3 class=\"elementor-heading-title elementor-size-default\">Formaci\u00f3n Acad\u00e9mica<\/h3>\t\t<\/div>\n\t\t\t\t<\/div>\n\t\t\t\t<div class=\"elementor-element elementor-element-3ae8875 elementor-widget elementor-widget-text-editor\" data-id=\"3ae8875\" data-element_type=\"widget\" data-widget_type=\"text-editor.default\">\n\t\t\t\t<div class=\"elementor-widget-container\">\n\t\t\t\t\t\t\t<p>Primarios. GUAYAQUIL-ECUADOR<br \/>Unidad Educativa Biling\u00fce Sagrados Corazones<br \/>Secundarios. GUAYAQUIL-ECUADOR<br \/>Unidad Educativa Biling\u00fce Sagrados Corazones<br \/>Titulo Obtenido: Bachiller Internacional<\/p><p>Superior. GUAYAQUIL-ECUADOR<br \/>UEES \u2013 Universidad de Especialidades Esp\u00edritu Santo<br \/>Titulo Obtenido: Psic\u00f3logo Cl\u00ednico<\/p>\t\t\t\t\t\t<\/div>\n\t\t\t\t<\/div>\n\t\t\t\t\t<\/div>\n\t\t<\/div>\n\t\t\t\t\t\t\t<\/div>\n\t\t<\/section>\n\t\t\t\t<section class=\"elementor-section elementor-top-section elementor-element elementor-element-235624a elementor-section-boxed elementor-section-height-default elementor-section-height-default\" data-id=\"235624a\" data-element_type=\"section\">\n\t\t\t\t\t\t<div class=\"elementor-container elementor-column-gap-default\">\n\t\t\t\t\t<div class=\"elementor-column elementor-col-100 elementor-top-column elementor-element elementor-element-5cec588\" data-id=\"5cec588\" data-element_type=\"column\">\n\t\t\t<div class=\"elementor-widget-wrap elementor-element-populated\">\n\t\t\t\t\t\t\t\t<div class=\"elementor-element elementor-element-dd6234d elementor-widget elementor-widget-heading\" data-id=\"dd6234d\" data-element_type=\"widget\" data-widget_type=\"heading.default\">\n\t\t\t\t<div class=\"elementor-widget-container\">\n\t\t\t<h2 class=\"elementor-heading-title elementor-size-default\">Cursos realizados y conocimientos<\/h2>\t\t<\/div>\n\t\t\t\t<\/div>\n\t\t\t\t<div class=\"elementor-element elementor-element-aa1cf23 elementor-widget elementor-widget-text-editor\" data-id=\"aa1cf23\" data-element_type=\"widget\" data-widget_type=\"text-editor.default\">\n\t\t\t\t<div class=\"elementor-widget-container\">\n\t\t\t\t\t\t\t<ul><li>Certificate ingles<\/li><li>Cambridge (3er nivel)<\/li><li>Curso de Tercera lengua \u2013 Portugu\u00e9s Intermedio<\/li><li>Curso de Nuevas tendencias en Psicolog\u00eda de diferentes perspectivas (UEES)<\/li><li>L\u00ednea de atenci\u00f3n psicol\u00f3gica en tiempos de pandemia (UEES)<\/li><li>Manejo de Windows, Internet, Excel, Word, Power point,<\/li><li>Liderazgo (UEES)<\/li><li>Certificado de Psicooncologia Salamanca (Espa\u00f1a)<\/li><li>Diplomado en Oncolog\u00eda (UCRA- UEES)<\/li><\/ul>\t\t\t\t\t\t<\/div>\n\t\t\t\t<\/div>\n\t\t\t\t\t<\/div>\n\t\t<\/div>\n\t\t\t\t\t\t\t<\/div>\n\t\t<\/section>\n\t\t\t\t\t\t\t<\/div>\n\t\t","protected":false},"excerpt":{"rendered":"<p>Psic. Jos\u00e9 Cevallos Tel\u00e9fonos:6038468 \u2013 0987140344 \u2013 0984537305 \u2013 0984556196 Correo:Joselcevallos1812@Gmail.com Experiencia Laboral Enero 2020 \u2013 Marzo 2020 \u2013 Tomas [&hellip;]<\/p>\n","protected":false},"author":1,"featured_media":0,"parent":0,"menu_order":0,"comment_status":"closed","ping_status":"closed","template":"elementor_header_footer","meta":{"footnotes":""},"class_list":["post-480","page","type-page","status-publish","hentry"],"_links":{"self":[{"href":"https:\/\/oncohem.com.ec\/index.php\/wp-json\/wp\/v2\/pages\/480","targetHints":{"allow":["GET"]}}],"collection":[{"href":"https:\/\/oncohem.com.ec\/index.php\/wp-json\/wp\/v2\/pages"}],"about":[{"href":"https:\/\/oncohem.com.ec\/index.php\/wp-json\/wp\/v2\/types\/page"}],"author":[{"embeddable":true,"href":"https:\/\/oncohem.com.ec\/index.php\/wp-json\/wp\/v2\/users\/1"}],"replies":[{"embeddable":true,"href":"https:\/\/oncohem.com.ec\/index.php\/wp-json\/wp\/v2\/comments?post=480"}],"version-history":[{"count":5,"href":"https:\/\/oncohem.com.ec\/index.php\/wp-json\/wp\/v2\/pages\/480\/revisions"}],"predecessor-version":[{"id":488,"href":"https:\/\/oncohem.com.ec\/index.php\/wp-json\/wp\/v2\/pages\/480\/revisions\/488"}],"wp:attachment":[{"href":"https:\/\/oncohem.com.ec\/index.php\/wp-json\/wp\/v2\/media?parent=480"}],"curies":[{"name":"wp","href":"https:\/\/api.w.org\/{rel}","templated":true}]}}